{"id":7941,"date":"2025-04-05T10:41:29","date_gmt":"2025-04-05T03:41:29","guid":{"rendered":"https:\/\/vietsun.123websitedev.com\/?page_id=7941"},"modified":"2025-11-13T09:11:37","modified_gmt":"2025-11-13T02:11:37","slug":"600-can-bo-nhan-vien","status":"publish","type":"page","link":"https:\/\/vietsunlogistic.com\/en\/gioi-thieu\/600-can-bo-nhan-vien\/","title":{"rendered":"500 officers and employees"},"content":{"rendered":"<style type=\"text\/css\"> \n#cmsmasters_row_69f74d88554d11_61878919 { \n\tbackground-image: url(https:\/\/vietsunlogistic.com\/wp-content\/uploads\/2025\/03\/bg-home-4-1.jpg); \n\tbackground-position: center center; \n\tbackground-repeat: no-repeat; \n\tbackground-attachment: scroll; \n\tbackground-size: cover; \n} \n\n#cmsmasters_row_69f74d88554d11_61878919 .cmsmasters_row_outer_parent { \n\tpadding-top: 180px; \n} \n\n#cmsmasters_row_69f74d88554d11_61878919 .cmsmasters_row_outer_parent { \n\tpadding-bottom: 180px; \n} \n\n#cmsmasters_row_69f74d88554d11_61878919 .cmsmasters_row_overlay { \n\tbackground-color:rgba(37,37,49,0.1);\n} \n\n \n#cmsmasters_heading_69f74d8855cfa7_48085872 { \n\ttext-align:center; \n\tmargin-top:70px; \n\tmargin-bottom:70px; \n} \n\n#cmsmasters_heading_69f74d8855cfa7_48085872 .cmsmasters_heading { \n\ttext-align:center; \n} \n\n#cmsmasters_heading_69f74d8855cfa7_48085872 .cmsmasters_heading, #cmsmasters_heading_69f74d8855cfa7_48085872 .cmsmasters_heading a { \n\tfont-size:50px; \n\tline-height:90px; \n\tfont-weight:600; \n\tfont-style:normal; \n\tcolor:#ffffff;\n} \n\n#cmsmasters_heading_69f74d8855cfa7_48085872 .cmsmasters_heading_divider { \n} \n\n \n#cmsmasters_row_69f74d88560784_50400429 .cmsmasters_row_outer_parent { \n\tpadding-top: 0px; \n} \n\n#cmsmasters_row_69f74d88560784_50400429 .cmsmasters_row_outer_parent { \n\tpadding-bottom: 50px; \n} \n\n \n#cmsmasters_divider_69f74d88563a17_98796093 { \n\tborder-bottom-width:0px; \n\tborder-bottom-style:solid; \n\tpadding-top:35px; \n\tmargin-bottom:35px; \n} \n \n#cmsmasters_heading_69f74d88564741_85945403 { \n\ttext-align:left; \n\tmargin-top:0px; \n\tmargin-bottom:20px; \n} \n\n#cmsmasters_heading_69f74d88564741_85945403 .cmsmasters_heading { \n\ttext-align:left; \n} \n\n#cmsmasters_heading_69f74d88564741_85945403 .cmsmasters_heading, #cmsmasters_heading_69f74d88564741_85945403 .cmsmasters_heading a { \n\tfont-weight:normal; \n\tfont-style:normal; \n} \n\n#cmsmasters_heading_69f74d88564741_85945403 .cmsmasters_heading_divider { \n} \n\n<\/style><p><div id=\"cmsmasters_row_69f74d88554d11_61878919\" class=\"cmsmasters_row cmsmasters_color_scheme_default cmsmasters_row_top_default cmsmasters_row_bot_default cmsmasters_row_boxed\">\n<div class=\"cmsmasters_row_outer_parent\">\n<div class=\"cmsmasters_row_overlay\"><\/div>\n<div class=\"cmsmasters_row_outer\">\n<div class=\"cmsmasters_row_inner\">\n<div class=\"cmsmasters_row_margin\">\n<div class=\"cmsmasters_column one_first\">\n\n<div id=\"cmsmasters_heading_69f74d8855cfa7_48085872\" class=\"cmsmasters_heading_wrap cmsmasters_heading_align_center\">\n\t<h1 class=\"cmsmasters_heading\"><\/h1>\n<\/div>\n<\/div>\n<\/div>\n<\/div>\n<\/div>\n<\/div>\n<\/div>\n<div id=\"cmsmasters_row_69f74d88560784_50400429\" class=\"cmsmasters_row cmsmasters_color_scheme_default cmsmasters_row_top_default cmsmasters_row_bot_default cmsmasters_row_boxed\">\n<div class=\"cmsmasters_row_outer_parent\">\n<div class=\"cmsmasters_row_outer\">\n<div class=\"cmsmasters_row_inner\">\n<div class=\"cmsmasters_row_margin\">\n<div class=\"cmsmasters_column one_first\">\n\n<div id=\"cmsmasters_divider_69f74d88563a17_98796093\" class=\"cl\"><\/div>\n\n<div id=\"cmsmasters_heading_69f74d88564741_85945403\" class=\"cmsmasters_heading_wrap cmsmasters_heading_align_left\">\n\t<h1 class=\"cmsmasters_heading\">600 officers and employees<\/h1>\n<\/div><div class=\"cmsmasters_text\">\n<p><img loading=\"lazy\" decoding=\"async\" class=\"aligncenter size-full wp-image-9881\" src=\"https:\/\/vietsunlogistic.com\/wp-content\/uploads\/2025\/10\/HP.jpg\" alt=\"HP\" width=\"1920\" height=\"1038\" srcset=\"https:\/\/vietsunlogistic.com\/wp-content\/uploads\/2025\/10\/HP.jpg 1920w, https:\/\/vietsunlogistic.com\/wp-content\/uploads\/2025\/10\/HP-300x162.jpg 300w, https:\/\/vietsunlogistic.com\/wp-content\/uploads\/2025\/10\/HP-1024x554.jpg 1024w, https:\/\/vietsunlogistic.com\/wp-content\/uploads\/2025\/10\/HP-768x415.jpg 768w, https:\/\/vietsunlogistic.com\/wp-content\/uploads\/2025\/10\/HP-1536x830.jpg 1536w, https:\/\/vietsunlogistic.com\/wp-content\/uploads\/2025\/10\/HP-18x10.jpg 18w, https:\/\/vietsunlogistic.com\/wp-content\/uploads\/2025\/10\/HP-580x314.jpg 580w, https:\/\/vietsunlogistic.com\/wp-content\/uploads\/2025\/10\/HP-860x465.jpg 860w, https:\/\/vietsunlogistic.com\/wp-content\/uploads\/2025\/10\/HP-1160x627.jpg 1160w\" sizes=\"auto, (max-width: 1920px) 100vw, 1920px\" \/><\/p>\n<p><img loading=\"lazy\" decoding=\"async\" class=\"aligncenter size-full wp-image-9880\" src=\"https:\/\/vietsunlogistic.com\/wp-content\/uploads\/2025\/10\/HP1.jpg\" alt=\"HP1\" width=\"1920\" height=\"998\" srcset=\"https:\/\/vietsunlogistic.com\/wp-content\/uploads\/2025\/10\/HP1.jpg 1920w, https:\/\/vietsunlogistic.com\/wp-content\/uploads\/2025\/10\/HP1-300x156.jpg 300w, https:\/\/vietsunlogistic.com\/wp-content\/uploads\/2025\/10\/HP1-1024x532.jpg 1024w, https:\/\/vietsunlogistic.com\/wp-content\/uploads\/2025\/10\/HP1-768x399.jpg 768w, https:\/\/vietsunlogistic.com\/wp-content\/uploads\/2025\/10\/HP1-1536x798.jpg 1536w, https:\/\/vietsunlogistic.com\/wp-content\/uploads\/2025\/10\/HP1-18x9.jpg 18w, https:\/\/vietsunlogistic.com\/wp-content\/uploads\/2025\/10\/HP1-580x301.jpg 580w, https:\/\/vietsunlogistic.com\/wp-content\/uploads\/2025\/10\/HP1-860x447.jpg 860w, https:\/\/vietsunlogistic.com\/wp-content\/uploads\/2025\/10\/HP1-1160x603.jpg 1160w\" sizes=\"auto, (max-width: 1920px) 100vw, 1920px\" \/><\/p>\n<p><img loading=\"lazy\" decoding=\"async\" class=\"aligncenter size-full wp-image-9875\" src=\"https:\/\/vietsunlogistic.com\/wp-content\/uploads\/2025\/10\/Line.jpg\" alt=\"Line\" width=\"1920\" height=\"1080\" srcset=\"https:\/\/vietsunlogistic.com\/wp-content\/uploads\/2025\/10\/Line.jpg 1920w, https:\/\/vietsunlogistic.com\/wp-content\/uploads\/2025\/10\/Line-300x169.jpg 300w, https:\/\/vietsunlogistic.com\/wp-content\/uploads\/2025\/10\/Line-1024x576.jpg 1024w, https:\/\/vietsunlogistic.com\/wp-content\/uploads\/2025\/10\/Line-768x432.jpg 768w, https:\/\/vietsunlogistic.com\/wp-content\/uploads\/2025\/10\/Line-1536x864.jpg 1536w, https:\/\/vietsunlogistic.com\/wp-content\/uploads\/2025\/10\/Line-18x10.jpg 18w, https:\/\/vietsunlogistic.com\/wp-content\/uploads\/2025\/10\/Line-580x326.jpg 580w, https:\/\/vietsunlogistic.com\/wp-content\/uploads\/2025\/10\/Line-860x484.jpg 860w, https:\/\/vietsunlogistic.com\/wp-content\/uploads\/2025\/10\/Line-1160x653.jpg 1160w\" sizes=\"auto, (max-width: 1920px) 100vw, 1920px\" \/><\/p>\n<p><img loading=\"lazy\" decoding=\"async\" class=\"aligncenter size-full wp-image-9877\" src=\"https:\/\/vietsunlogistic.com\/wp-content\/uploads\/2025\/10\/CD.jpg\" alt=\"CD\" width=\"1920\" height=\"1139\" srcset=\"https:\/\/vietsunlogistic.com\/wp-content\/uploads\/2025\/10\/CD.jpg 1920w, https:\/\/vietsunlogistic.com\/wp-content\/uploads\/2025\/10\/CD-300x178.jpg 300w, https:\/\/vietsunlogistic.com\/wp-content\/uploads\/2025\/10\/CD-1024x607.jpg 1024w, https:\/\/vietsunlogistic.com\/wp-content\/uploads\/2025\/10\/CD-768x456.jpg 768w, https:\/\/vietsunlogistic.com\/wp-content\/uploads\/2025\/10\/CD-1536x911.jpg 1536w, https:\/\/vietsunlogistic.com\/wp-content\/uploads\/2025\/10\/CD-18x12.jpg 18w, https:\/\/vietsunlogistic.com\/wp-content\/uploads\/2025\/10\/CD-580x344.jpg 580w, https:\/\/vietsunlogistic.com\/wp-content\/uploads\/2025\/10\/CD-860x510.jpg 860w, https:\/\/vietsunlogistic.com\/wp-content\/uploads\/2025\/10\/CD-1160x688.jpg 1160w\" sizes=\"auto, (max-width: 1920px) 100vw, 1920px\" \/><\/p>\n<p><span class=\"oypena\" style=\"color: #000000;\"><span style=\"font-size: 14.0pt;\">Up to now, Vietsun&#039;s staff has reached more than 600 people working at the Headquarters and branches, subsidiaries, and representative offices of Vietsun in the 3 regions of North, Central, and South of Vietnam. They are a team that is well-trained, dedicated, professional, and ready to listen to all customer feedback to continuously improve service quality. Vietsun continuously <a href=\"https:\/\/vietsunlogistic.com\/en\/tuyen-dung\/\"><span style=\"color: #0000ff;\">recruitment<\/span><\/a> Many job positions with competitive income. Choose Vietsun, choose to accompany the leading dynamic transportation company in Vietnam!<br \/>\n<\/span><\/span><\/p>\n<\/div>\n<\/div>\n<div class=\"cmsmasters_column one_first\">\n<\/div>\n<\/div>\n<\/div>\n<\/div>\n<\/div>\n<\/div>\n\n<\/p><\/p>","protected":false},"excerpt":{"rendered":"","protected":false},"author":1,"featured_media":0,"parent":7586,"menu_order":0,"comment_status":"closed","ping_status":"open","template":"","meta":{"footnotes":""},"class_list":["post-7941","page","type-page","status-publish","hentry"],"acf":[],"yoast_head":"<!-- This site is optimized with the Yoast SEO Premium plugin v20.9 (Yoast SEO v20.9) - https:\/\/yoast.com\/wordpress\/plugins\/seo\/ -->\n<title>500 c\u00e1n b\u1ed9, nh\u00e2n vi\u00ean - C\u00d4NG TY C\u1ed4 PH\u1ea6N NH\u1eacT VI\u1ec6T VIETSUN CORPORATION<\/title>\n<meta name=\"robots\" content=\"index, follow, max-snippet:-1, max-image-preview:large, max-video-preview:-1\" \/>\n<link rel=\"canonical\" href=\"https:\/\/vietsunlogistic.com\/en\/gioi-thieu\/600-can-bo-nhan-vien\/\" \/>\n<meta property=\"og:locale\" content=\"en_US\" \/>\n<meta property=\"og:type\" content=\"article\" \/>\n<meta property=\"og:title\" content=\"500 c\u00e1n b\u1ed9, nh\u00e2n vi\u00ean\" \/>\n<meta property=\"og:url\" content=\"https:\/\/vietsunlogistic.com\/en\/gioi-thieu\/600-can-bo-nhan-vien\/\" \/>\n<meta property=\"og:site_name\" content=\"C\u00d4NG TY C\u1ed4 PH\u1ea6N NH\u1eacT VI\u1ec6T VIETSUN CORPORATION\" \/>\n<meta property=\"article:modified_time\" content=\"2025-11-13T02:11:37+00:00\" \/>\n<meta property=\"og:image\" content=\"https:\/\/vietsunlogistic.com\/wp-content\/uploads\/2025\/10\/HP.jpg\" \/>\n<meta name=\"twitter:card\" content=\"summary_large_image\" \/>\n<meta name=\"twitter:label1\" content=\"Est. reading time\" \/>\n\t<meta name=\"twitter:data1\" content=\"2 minutes\" \/>\n<script type=\"application\/ld+json\" class=\"yoast-schema-graph\">{\"@context\":\"https:\/\/schema.org\",\"@graph\":[{\"@type\":\"WebPage\",\"@id\":\"https:\/\/vietsunlogistic.com\/gioi-thieu\/600-can-bo-nhan-vien\/\",\"url\":\"https:\/\/vietsunlogistic.com\/gioi-thieu\/600-can-bo-nhan-vien\/\",\"name\":\"500 c\u00e1n b\u1ed9, nh\u00e2n vi\u00ean - C\u00d4NG TY C\u1ed4 PH\u1ea6N NH\u1eacT VI\u1ec6T VIETSUN CORPORATION\",\"isPartOf\":{\"@id\":\"https:\/\/vietsunlogistic.com\/#website\"},\"datePublished\":\"2025-04-05T03:41:29+00:00\",\"dateModified\":\"2025-11-13T02:11:37+00:00\",\"breadcrumb\":{\"@id\":\"https:\/\/vietsunlogistic.com\/gioi-thieu\/600-can-bo-nhan-vien\/#breadcrumb\"},\"inLanguage\":\"en-US\",\"potentialAction\":[{\"@type\":\"ReadAction\",\"target\":[\"https:\/\/vietsunlogistic.com\/gioi-thieu\/600-can-bo-nhan-vien\/\"]}]},{\"@type\":\"BreadcrumbList\",\"@id\":\"https:\/\/vietsunlogistic.com\/gioi-thieu\/600-can-bo-nhan-vien\/#breadcrumb\",\"itemListElement\":[{\"@type\":\"ListItem\",\"position\":1,\"name\":\"Trang ch\u1ee7\",\"item\":\"https:\/\/vietsunlogistic.com\/\"},{\"@type\":\"ListItem\",\"position\":2,\"name\":\"Gi\u1edbi thi\u1ec7u\",\"item\":\"https:\/\/vietsunlogistic.com\/gioi-thieu\/\"},{\"@type\":\"ListItem\",\"position\":3,\"name\":\"500 c\u00e1n b\u1ed9, nh\u00e2n vi\u00ean\"}]},{\"@type\":\"WebSite\",\"@id\":\"https:\/\/vietsunlogistic.com\/#website\",\"url\":\"https:\/\/vietsunlogistic.com\/\",\"name\":\"C\u00d4NG TY C\u1ed4 PH\u1ea6N NH\u1eacT VI\u1ec6T VIETSUN CORPORATION\",\"description\":\"\",\"potentialAction\":[{\"@type\":\"SearchAction\",\"target\":{\"@type\":\"EntryPoint\",\"urlTemplate\":\"https:\/\/vietsunlogistic.com\/?s={search_term_string}\"},\"query-input\":\"required name=search_term_string\"}],\"inLanguage\":\"en-US\"}]}<\/script>\n<!-- \/ Yoast SEO Premium plugin. -->","yoast_head_json":{"title":"500 c\u00e1n b\u1ed9, nh\u00e2n vi\u00ean - C\u00d4NG TY C\u1ed4 PH\u1ea6N NH\u1eacT VI\u1ec6T VIETSUN CORPORATION","robots":{"index":"index","follow":"follow","max-snippet":"max-snippet:-1","max-image-preview":"max-image-preview:large","max-video-preview":"max-video-preview:-1"},"canonical":"https:\/\/vietsunlogistic.com\/en\/gioi-thieu\/600-can-bo-nhan-vien\/","og_locale":"en_US","og_type":"article","og_title":"500 c\u00e1n b\u1ed9, nh\u00e2n vi\u00ean","og_url":"https:\/\/vietsunlogistic.com\/en\/gioi-thieu\/600-can-bo-nhan-vien\/","og_site_name":"C\u00d4NG TY C\u1ed4 PH\u1ea6N NH\u1eacT VI\u1ec6T VIETSUN CORPORATION","article_modified_time":"2025-11-13T02:11:37+00:00","og_image":[{"url":"https:\/\/vietsunlogistic.com\/wp-content\/uploads\/2025\/10\/HP.jpg"}],"twitter_card":"summary_large_image","twitter_misc":{"Est. reading time":"2 minutes"},"schema":{"@context":"https:\/\/schema.org","@graph":[{"@type":"WebPage","@id":"https:\/\/vietsunlogistic.com\/gioi-thieu\/600-can-bo-nhan-vien\/","url":"https:\/\/vietsunlogistic.com\/gioi-thieu\/600-can-bo-nhan-vien\/","name":"500 c\u00e1n b\u1ed9, nh\u00e2n vi\u00ean - C\u00d4NG TY C\u1ed4 PH\u1ea6N NH\u1eacT VI\u1ec6T VIETSUN CORPORATION","isPartOf":{"@id":"https:\/\/vietsunlogistic.com\/#website"},"datePublished":"2025-04-05T03:41:29+00:00","dateModified":"2025-11-13T02:11:37+00:00","breadcrumb":{"@id":"https:\/\/vietsunlogistic.com\/gioi-thieu\/600-can-bo-nhan-vien\/#breadcrumb"},"inLanguage":"en-US","potentialAction":[{"@type":"ReadAction","target":["https:\/\/vietsunlogistic.com\/gioi-thieu\/600-can-bo-nhan-vien\/"]}]},{"@type":"BreadcrumbList","@id":"https:\/\/vietsunlogistic.com\/gioi-thieu\/600-can-bo-nhan-vien\/#breadcrumb","itemListElement":[{"@type":"ListItem","position":1,"name":"Trang ch\u1ee7","item":"https:\/\/vietsunlogistic.com\/"},{"@type":"ListItem","position":2,"name":"Gi\u1edbi thi\u1ec7u","item":"https:\/\/vietsunlogistic.com\/gioi-thieu\/"},{"@type":"ListItem","position":3,"name":"500 c\u00e1n b\u1ed9, nh\u00e2n vi\u00ean"}]},{"@type":"WebSite","@id":"https:\/\/vietsunlogistic.com\/#website","url":"https:\/\/vietsunlogistic.com\/","name":"C\u00d4NG TY C\u1ed4 PH\u1ea6N NH\u1eacT VI\u1ec6T VIETSUN CORPORATION","description":"","potentialAction":[{"@type":"SearchAction","target":{"@type":"EntryPoint","urlTemplate":"https:\/\/vietsunlogistic.com\/?s={search_term_string}"},"query-input":"required name=search_term_string"}],"inLanguage":"en-US"}]}},"_links":{"self":[{"href":"https:\/\/vietsunlogistic.com\/en\/wp-json\/wp\/v2\/pages\/7941","targetHints":{"allow":["GET"]}}],"collection":[{"href":"https:\/\/vietsunlogistic.com\/en\/wp-json\/wp\/v2\/pages"}],"about":[{"href":"https:\/\/vietsunlogistic.com\/en\/wp-json\/wp\/v2\/types\/page"}],"author":[{"embeddable":true,"href":"https:\/\/vietsunlogistic.com\/en\/wp-json\/wp\/v2\/users\/1"}],"replies":[{"embeddable":true,"href":"https:\/\/vietsunlogistic.com\/en\/wp-json\/wp\/v2\/comments?post=7941"}],"version-history":[{"count":11,"href":"https:\/\/vietsunlogistic.com\/en\/wp-json\/wp\/v2\/pages\/7941\/revisions"}],"predecessor-version":[{"id":10232,"href":"https:\/\/vietsunlogistic.com\/en\/wp-json\/wp\/v2\/pages\/7941\/revisions\/10232"}],"up":[{"embeddable":true,"href":"https:\/\/vietsunlogistic.com\/en\/wp-json\/wp\/v2\/pages\/7586"}],"wp:attachment":[{"href":"https:\/\/vietsunlogistic.com\/en\/wp-json\/wp\/v2\/media?parent=7941"}],"curies":[{"name":"wp","href":"https:\/\/api.w.org\/{rel}","templated":true}]}}