{"id":7870,"date":"2025-04-04T16:28:40","date_gmt":"2025-04-04T09:28:40","guid":{"rendered":"https:\/\/vietsun.123websitedev.com\/?page_id=7870"},"modified":"2025-04-24T15:26:23","modified_gmt":"2025-04-24T08:26:23","slug":"lien-he","status":"publish","type":"page","link":"https:\/\/vietsunlogistic.com\/en\/lien-he\/","title":{"rendered":"Contact"},"content":{"rendered":"<style type=\"text\/css\"> \n#cmsmasters_row_69e0706ae0d707_47812811 .cmsmasters_row_outer_parent { \n\tpadding-top: 50px; \n} \n\n#cmsmasters_row_69e0706ae0d707_47812811 .cmsmasters_row_outer_parent { \n\tpadding-bottom: 70px; \n} \n\n<\/style><p><div id=\"cmsmasters_row_69e0706ae0d707_47812811\" class=\"cmsmasters_row cmsmasters_color_scheme_default cmsmasters_row_top_default cmsmasters_row_bot_default cmsmasters_row_boxed\">\n<div class=\"cmsmasters_row_outer_parent\">\n<div class=\"cmsmasters_row_outer\">\n<div class=\"cmsmasters_row_inner\">\n<div class=\"cmsmasters_row_margin\">\n<div class=\"cmsmasters_column one_first\">\n<div class=\"cmsmasters_text\">\n<div class=\"store-container\">\r\n        <!-- \ud83d\udd0d \u00d4 t\u00ecm ki\u1ebfm -->\r\n        <div class=\"store-search\">\r\n            <input type=\"text\" id=\"store-search-input\" placeholder=\"Find a store...\">\r\n        <\/div>\r\n\r\n        <div class=\"store-list-container\">\r\n            <div class=\"store-list\" id=\"store-list\"><\/div>\r\n            <div class=\"store-map\" id=\"store-map\"><\/div>\r\n        <\/div>\r\n    <\/div>\r\n\r\n    <!-- Load th\u01b0 vi\u1ec7n Leaflet.js -->\r\n    <link rel=\"stylesheet\" href=\"https:\/\/unpkg.com\/leaflet\/dist\/leaflet.css\" \/>\r\n    <script src=\"https:\/\/unpkg.com\/leaflet\/dist\/leaflet.js\"><\/script>\r\n\r\n    <script>\r\n        var map = L.map('store-map').setView([10.77689, 106.700981], 10);\r\n        \/\/ Th\u00eam ch\u1eef \u201cHo\u00e0ng Sa\u201d\r\n        L.marker([17, 112.5], {\r\n            icon: L.divIcon({\r\n                className: 'custom-label',\r\n                html: '<span style=\"font-weight:bold;color:#f02830;font-size:16px; background:yellow\">Qu\u1ea7n \u0111\u1ea3o<br>Ho\u00e0ng Sa<\/span>',\r\n                iconSize: [100, 20],\r\n                iconAnchor: [50, 10]\r\n            })\r\n        }).addTo(map);\r\n\r\n    \/\/ Th\u00eam ch\u1eef \u201cTr\u01b0\u1eddng Sa\u201d\r\n        L.marker([9.5, 113.0], {\r\n            icon: L.divIcon({\r\n                className: 'custom-label',\r\n                html: '<span style=\"font-weight:bold;color:#f02830;font-size:16px;background:yellow\">Qu\u1ea7n \u0111\u1ea3o<br>Tr\u01b0\u1eddng Sa<\/span>',\r\n                iconSize: [120, 20],\r\n                iconAnchor: [60, 10]\r\n            })\r\n        }).addTo(map);\r\n        \/\/ Th\u00eam b\u1ea3n \u0111\u1ed3 OpenStreetMap\r\n        L.tileLayer('https:\/\/{s}.tile.openstreetmap.org\/{z}\/{x}\/{y}.png', {\r\n            attribution: '&copy; <a href=\"https:\/\/www.openstreetmap.org\/copyright\">OpenStreetMap<\/a> contributors'\r\n        }).addTo(map);\r\n\r\n        var storeMarkerIcon = L.icon({\r\n            iconUrl: 'https:\/\/vietsunlogistic.com\/wp-content\/plugins\/store-local\/assets\/css\/img\/marker-icon.png',\r\n            shadowUrl: 'https:\/\/vietsunlogistic.com\/wp-content\/plugins\/store-local\/assets\/css\/img\/marker-shadow.png',\r\n            iconSize: [25, 41],\r\n            iconAnchor: [12, 41],\r\n            popupAnchor: [1, -34],\r\n            tooltipAnchor: [16, -28],\r\n            shadowSize: [41, 41]\r\n        });\r\n\r\n        fetch('https:\/\/vietsunlogistic.com\/wp-admin\/admin-ajax.php?action=get_stores')\r\n                .then(response => response.json())\r\n                .then(data => {\r\n                    var storeList = document.getElementById('store-list');\r\n                    var searchInput = document.getElementById('store-search-input');\r\n\r\n                    function renderStores(filter = '') {\r\n                        storeList.innerHTML = '';\r\n                        data.filter(store => {\r\n                            var query = filter.toLowerCase();\r\n                            var name = (store.name || '').toLowerCase();\r\n                            var address = (store.address || '').toLowerCase();\r\n                            var address2 = (store.address2 || '').toLowerCase();\r\n                            var company = (store.company || '').toLowerCase();\r\n                            return name.includes(query) || address.includes(query) || address2.includes(query) || company.includes(query);\r\n                        })\r\n                                .forEach(store => {\r\n                                    var storeItem = document.createElement('div');\r\n                                    storeItem.classList.add('store-item');\r\n                                    storeItem.innerHTML = `<h3>${store.name}<\/h3>\r\n                ${store.company ? '<p><strong>' + store.company + '<\/strong><\/p>' : ''}\r\n                <p>${store.address}<\/p>\r\n                ${store.address2 ? '<p>' + store.address2 + '<\/p>' : ''}\r\n                <p>\ud83d\udcde ${store.phone}<\/p>\r\n                <p>\ud83d\udce7 <a href=\"mailto:${store.email}\">${store.email}<\/a><\/p>\r\n                                <a href=\"https:\/\/www.google.com\/maps\/dir\/?api=1&destination=${store.latitude},${store.longitude}\" target=\"_blank\">Nh\u1eadn ch\u1ec9 \u0111\u01b0\u1eddng<\/a>`;\r\n                                    storeItem.addEventListener('click', () => {\r\n                                        map.setView([store.latitude, store.longitude], 14);\r\n                                    });\r\n                                    storeList.appendChild(storeItem);\r\n\r\n                                    L.marker([store.latitude, store.longitude], {icon: storeMarkerIcon})\r\n                                            .addTo(map)\r\n                                            .bindPopup(`<h3>${store.name}<\/h3>\r\n                            ${store.company ? '<p><strong>' + store.company + '<\/strong><\/p>' : ''}\r\n                            <p>${store.address}<\/p>\r\n                            ${store.address2 ? '<p>' + store.address2 + '<\/p>' : ''}\r\n                            <p>\ud83d\udcde ${store.phone}<\/p>\r\n                            <p>\ud83d\udce7 <a href=\"mailto:${store.email}\">${store.email}<\/a><\/p>`);\r\n                                });\r\n                    }\r\n\r\n                    renderStores();\r\n\r\n                    \/\/ L\u1ecdc c\u1eeda h\u00e0ng khi nh\u1eadp v\u00e0o \u00f4 t\u00ecm ki\u1ebfm\r\n                    searchInput.addEventListener('input', () => {\r\n                        renderStores(searchInput.value);\r\n                    });\r\n                });\r\n    <\/script>\r\n    <\/p>\n<\/div>\n<\/div>\n<\/div>\n<\/div>\n<\/div>\n<\/div>\n<\/div>\n\n<\/p><\/p>","protected":false},"excerpt":{"rendered":"","protected":false},"author":1,"featured_media":0,"parent":0,"menu_order":0,"comment_status":"closed","ping_status":"closed","template":"","meta":{"footnotes":""},"class_list":["post-7870","page","type-page","status-publish","hentry"],"acf":[],"yoast_head":"<!-- This site is optimized with the Yoast SEO Premium plugin v20.9 (Yoast SEO v20.9) - https:\/\/yoast.com\/wordpress\/plugins\/seo\/ -->\n<title>Li\u00ean h\u1ec7 - C\u00d4NG TY C\u1ed4 PH\u1ea6N NH\u1eacT VI\u1ec6T VIETSUN CORPORATION<\/title>\n<meta name=\"robots\" content=\"index, follow, max-snippet:-1, max-image-preview:large, max-video-preview:-1\" \/>\n<link rel=\"canonical\" href=\"https:\/\/vietsunlogistic.com\/en\/lien-he\/\" \/>\n<meta property=\"og:locale\" content=\"en_US\" \/>\n<meta property=\"og:type\" content=\"article\" \/>\n<meta property=\"og:title\" content=\"Li\u00ean h\u1ec7\" \/>\n<meta property=\"og:url\" content=\"https:\/\/vietsunlogistic.com\/en\/lien-he\/\" \/>\n<meta property=\"og:site_name\" content=\"C\u00d4NG TY C\u1ed4 PH\u1ea6N NH\u1eacT VI\u1ec6T VIETSUN CORPORATION\" \/>\n<meta property=\"article:modified_time\" content=\"2025-04-24T08:26:23+00:00\" \/>\n<meta name=\"twitter:card\" content=\"summary_large_image\" \/>\n<meta name=\"twitter:label1\" content=\"Est. reading time\" \/>\n\t<meta name=\"twitter:data1\" content=\"1 minute\" \/>\n<script type=\"application\/ld+json\" class=\"yoast-schema-graph\">{\"@context\":\"https:\/\/schema.org\",\"@graph\":[{\"@type\":\"WebPage\",\"@id\":\"https:\/\/vietsunlogistic.com\/lien-he\/\",\"url\":\"https:\/\/vietsunlogistic.com\/lien-he\/\",\"name\":\"Li\u00ean h\u1ec7 - C\u00d4NG TY C\u1ed4 PH\u1ea6N NH\u1eacT VI\u1ec6T VIETSUN CORPORATION\",\"isPartOf\":{\"@id\":\"https:\/\/vietsunlogistic.com\/#website\"},\"datePublished\":\"2025-04-04T09:28:40+00:00\",\"dateModified\":\"2025-04-24T08:26:23+00:00\",\"breadcrumb\":{\"@id\":\"https:\/\/vietsunlogistic.com\/lien-he\/#breadcrumb\"},\"inLanguage\":\"en-US\",\"potentialAction\":[{\"@type\":\"ReadAction\",\"target\":[\"https:\/\/vietsunlogistic.com\/lien-he\/\"]}]},{\"@type\":\"BreadcrumbList\",\"@id\":\"https:\/\/vietsunlogistic.com\/lien-he\/#breadcrumb\",\"itemListElement\":[{\"@type\":\"ListItem\",\"position\":1,\"name\":\"Trang ch\u1ee7\",\"item\":\"https:\/\/vietsunlogistic.com\/\"},{\"@type\":\"ListItem\",\"position\":2,\"name\":\"Li\u00ean h\u1ec7\"}]},{\"@type\":\"WebSite\",\"@id\":\"https:\/\/vietsunlogistic.com\/#website\",\"url\":\"https:\/\/vietsunlogistic.com\/\",\"name\":\"C\u00d4NG TY C\u1ed4 PH\u1ea6N NH\u1eacT VI\u1ec6T VIETSUN CORPORATION\",\"description\":\"\",\"potentialAction\":[{\"@type\":\"SearchAction\",\"target\":{\"@type\":\"EntryPoint\",\"urlTemplate\":\"https:\/\/vietsunlogistic.com\/?s={search_term_string}\"},\"query-input\":\"required name=search_term_string\"}],\"inLanguage\":\"en-US\"}]}<\/script>\n<!-- \/ Yoast SEO Premium plugin. -->","yoast_head_json":{"title":"Li\u00ean h\u1ec7 - C\u00d4NG TY C\u1ed4 PH\u1ea6N NH\u1eacT VI\u1ec6T VIETSUN CORPORATION","robots":{"index":"index","follow":"follow","max-snippet":"max-snippet:-1","max-image-preview":"max-image-preview:large","max-video-preview":"max-video-preview:-1"},"canonical":"https:\/\/vietsunlogistic.com\/en\/lien-he\/","og_locale":"en_US","og_type":"article","og_title":"Li\u00ean h\u1ec7","og_url":"https:\/\/vietsunlogistic.com\/en\/lien-he\/","og_site_name":"C\u00d4NG TY C\u1ed4 PH\u1ea6N NH\u1eacT VI\u1ec6T VIETSUN CORPORATION","article_modified_time":"2025-04-24T08:26:23+00:00","twitter_card":"summary_large_image","twitter_misc":{"Est. reading time":"1 minute"},"schema":{"@context":"https:\/\/schema.org","@graph":[{"@type":"WebPage","@id":"https:\/\/vietsunlogistic.com\/lien-he\/","url":"https:\/\/vietsunlogistic.com\/lien-he\/","name":"Li\u00ean h\u1ec7 - C\u00d4NG TY C\u1ed4 PH\u1ea6N NH\u1eacT VI\u1ec6T VIETSUN CORPORATION","isPartOf":{"@id":"https:\/\/vietsunlogistic.com\/#website"},"datePublished":"2025-04-04T09:28:40+00:00","dateModified":"2025-04-24T08:26:23+00:00","breadcrumb":{"@id":"https:\/\/vietsunlogistic.com\/lien-he\/#breadcrumb"},"inLanguage":"en-US","potentialAction":[{"@type":"ReadAction","target":["https:\/\/vietsunlogistic.com\/lien-he\/"]}]},{"@type":"BreadcrumbList","@id":"https:\/\/vietsunlogistic.com\/lien-he\/#breadcrumb","itemListElement":[{"@type":"ListItem","position":1,"name":"Trang ch\u1ee7","item":"https:\/\/vietsunlogistic.com\/"},{"@type":"ListItem","position":2,"name":"Li\u00ean h\u1ec7"}]},{"@type":"WebSite","@id":"https:\/\/vietsunlogistic.com\/#website","url":"https:\/\/vietsunlogistic.com\/","name":"C\u00d4NG TY C\u1ed4 PH\u1ea6N NH\u1eacT VI\u1ec6T VIETSUN CORPORATION","description":"","potentialAction":[{"@type":"SearchAction","target":{"@type":"EntryPoint","urlTemplate":"https:\/\/vietsunlogistic.com\/?s={search_term_string}"},"query-input":"required name=search_term_string"}],"inLanguage":"en-US"}]}},"_links":{"self":[{"href":"https:\/\/vietsunlogistic.com\/en\/wp-json\/wp\/v2\/pages\/7870","targetHints":{"allow":["GET"]}}],"collection":[{"href":"https:\/\/vietsunlogistic.com\/en\/wp-json\/wp\/v2\/pages"}],"about":[{"href":"https:\/\/vietsunlogistic.com\/en\/wp-json\/wp\/v2\/types\/page"}],"author":[{"embeddable":true,"href":"https:\/\/vietsunlogistic.com\/en\/wp-json\/wp\/v2\/users\/1"}],"replies":[{"embeddable":true,"href":"https:\/\/vietsunlogistic.com\/en\/wp-json\/wp\/v2\/comments?post=7870"}],"version-history":[{"count":5,"href":"https:\/\/vietsunlogistic.com\/en\/wp-json\/wp\/v2\/pages\/7870\/revisions"}],"predecessor-version":[{"id":8273,"href":"https:\/\/vietsunlogistic.com\/en\/wp-json\/wp\/v2\/pages\/7870\/revisions\/8273"}],"wp:attachment":[{"href":"https:\/\/vietsunlogistic.com\/en\/wp-json\/wp\/v2\/media?parent=7870"}],"curies":[{"name":"wp","href":"https:\/\/api.w.org\/{rel}","templated":true}]}}