{"id":7786,"date":"2025-03-28T17:43:31","date_gmt":"2025-03-28T10:43:31","guid":{"rendered":"https:\/\/vietsun.123websitedev.com\/?page_id=7786"},"modified":"2025-04-24T15:06:20","modified_gmt":"2025-04-24T08:06:20","slug":"bao-gia","status":"publish","type":"page","link":"https:\/\/vietsunlogistic.com\/en\/bao-gia\/","title":{"rendered":"Quote"},"content":{"rendered":"<style type=\"text\/css\"> \n#cmsmasters_row_69e348ec5b16f8_61622507 .cmsmasters_row_outer_parent { \n\tpadding-top: 50px; \n} \n\n#cmsmasters_row_69e348ec5b16f8_61622507 .cmsmasters_row_outer_parent { \n\tpadding-bottom: 70px; \n} \n\n<\/style><p><div id=\"cmsmasters_row_69e348ec5b16f8_61622507\" class=\"cmsmasters_row cmsmasters_color_scheme_default cmsmasters_row_top_default cmsmasters_row_bot_default cmsmasters_row_boxed\">\n<div class=\"cmsmasters_row_outer_parent\">\n<div class=\"cmsmasters_row_outer\">\n<div class=\"cmsmasters_row_inner\">\n<div class=\"cmsmasters_row_margin\">\n<div class=\"cmsmasters_column one_first\">\n<div class=\"cmsmasters_text\">\n<div class='fluentform fluentform_wrapper_4'><form data-form_id=\"4\" id=\"fluentform_4\" class=\"frm-fluent-form fluent_form_4 ff-el-form-top ff_form_instance_4_1 ff-form-loading\" data-form_instance=\"ff_form_instance_4_1\" method=\"POST\" action=\"\" ><fieldset><legend class=\"ff_screen_reader\">Consignment<\/legend><input type='hidden' name='__fluent_form_embded_post_id' value='7786' \/><input type=\"hidden\" id=\"_fluentform_4_fluentformnonce\" name=\"_fluentform_4_fluentformnonce\" value=\"4fcfcaf7f3\" \/><input type=\"hidden\" name=\"_wp_http_referer\" value=\"\/en\/wp-json\/wp\/v2\/pages\/7786\" \/><div class='ff-el-group  ff-custom_html' data-name=\"custom_html-4_1\" ><h2>Your information<\/h2><\/div><div class='ff-el-group ff-el-form-right'><div class=\"ff-el-input--label asterisk-right\"><label for='ff_4_tencongty' aria-label=\"Company name\">Company name<\/label> <\/div><div class='ff-el-input--content'><input type=\"text\" name=\"tencongty\" class=\"ff-el-form-control\" placeholder=\"Company name\" data-name=\"tencongty\" id=\"ff_4_tencongty\"  aria-invalid=\"false\" aria-required=\"false\"><\/div><\/div><div class='ff-el-group ff-el-form-right'><div class=\"ff-el-input--label asterisk-right\"><label for='ff_4_van_phong_telfax' aria-label=\"Tel\/Fax Office\">Tel\/Fax Office<\/label> <\/div><div class='ff-el-input--content'><input type=\"text\" name=\"van_phong_telfax\" class=\"ff-el-form-control\" placeholder=\"Tel\/Fax Office\" data-name=\"van_phong_telfax\" id=\"ff_4_van_phong_telfax\"  aria-invalid=\"false\" aria-required=\"false\"><\/div><\/div><div class='ff-el-group ff-el-form-right'><div class=\"ff-el-input--label ff-el-is-required asterisk-right\"><label for='ff_4_nguoi_lien_he' aria-label=\"Contact person(*)\">Contact person(*)<\/label> <\/div><div class='ff-el-input--content'><input type=\"text\" name=\"nguoi_lien_he\" class=\"ff-el-form-control\" placeholder=\"Contact person(*)\" data-name=\"nguoi_lien_he\" id=\"ff_4_nguoi_lien_he\"  aria-invalid=\"false\" aria-required=\"true\"><\/div><\/div><div class='ff-el-group ff-el-form-right'><div class=\"ff-el-input--label asterisk-right\"><label for='ff_4_tieu_de' aria-label=\"Title\">Title<\/label> <\/div><div class='ff-el-input--content'><input type=\"text\" name=\"tieu_de\" class=\"ff-el-form-control\" placeholder=\"Title\" data-name=\"tieu_de\" id=\"ff_4_tieu_de\"  aria-invalid=\"false\" aria-required=\"false\"><\/div><\/div><div class='ff-el-group ff-el-form-right'><div class=\"ff-el-input--label ff-el-is-required asterisk-right\"><label for='ff_4_dien_thoai_di_dong' aria-label=\"Cellular phone(*)\">Cellular phone(*)<\/label> <\/div><div class='ff-el-input--content'><input type=\"text\" name=\"dien_thoai_di_dong\" class=\"ff-el-form-control\" placeholder=\"Cellular phone(*)\" data-name=\"dien_thoai_di_dong\" id=\"ff_4_dien_thoai_di_dong\"  aria-invalid=\"false\" aria-required=\"true\"><\/div><\/div><div class='ff-el-group ff-el-form-right'><div class=\"ff-el-input--label ff-el-is-required asterisk-right\"><label for='ff_4_e_mail' aria-label=\"E-mail(*)\">E-mail(*)<\/label> <\/div><div class='ff-el-input--content'><input type=\"text\" name=\"e_mail\" class=\"ff-el-form-control\" placeholder=\"E-mail(*)\" data-name=\"e_mail\" id=\"ff_4_e_mail\"  aria-invalid=\"false\" aria-required=\"true\"><\/div><\/div><div class='ff-el-group  ff-custom_html' data-name=\"custom_html-4_2\" ><h2>Product Information<\/h2><\/div><div class='ff-el-group ff-el-form-right'><div class=\"ff-el-input--label asterisk-right\"><label for='ff_4_phuong_thuc_van_chuyen' aria-label=\"Shipping method\">Shipping method<\/label> <\/div><div class='ff-el-input--content'><select name=\"phuong_thuc_van_chuyen\" id=\"ff_4_phuong_thuc_van_chuyen\" class=\"ff-el-form-control\" data-name=\"phuong_thuc_van_chuyen\" data-calc_value=\"0\"  aria-invalid=\"false\" aria-required=\"false\"><option value=\"\">- Select -<\/option><option value=\"V\u1eadn t\u1ea3i \u0111\u01b0\u1eddng bi\u1ec3n\"  >Sea freight<\/option><option value=\"V\u1eadn t\u1ea3i n\u1ed9i \u0111\u1ecba\"  >Domestic transport<\/option><option value=\"V\u1eadn chuy\u1ec3n k\u1ebft h\u1ee3p\"  >Combined shipping<\/option><option value=\"Kh\u00e1c (vui l\u00f2ng ghi r\u00f5 trong ph\u1ea7n ghi ch\u00fa b\u00ean d\u01b0\u1edbi)\"  >Other (please specify in the notes section below)<\/option><\/select><\/div><\/div><div class='ff-el-group ff-el-form-right'><div class=\"ff-el-input--label asterisk-right\"><label for='ff_4_dieu_khoan_giao_hang' aria-label=\"Terms of delivery\">Terms of delivery<\/label> <\/div><div class='ff-el-input--content'><select name=\"dieu_khoan_giao_hang\" id=\"ff_4_dieu_khoan_giao_hang\" class=\"ff-el-form-control\" data-name=\"dieu_khoan_giao_hang\" data-calc_value=\"0\"  aria-invalid=\"false\" aria-required=\"false\"><option value=\"\">- Select -<\/option><option value=\"EXW\"  >EXW<\/option><option value=\"FCA\"  >FCA<\/option><option value=\"FAS\"  >FAS<\/option><option value=\"FOB\"  >FOB<\/option><option value=\"CFR\"  >CFR<\/option><option value=\"CPT\"  >CPT<\/option><option value=\"CIF\"  >CIF<\/option><option value=\"CIP\"  >CIP<\/option><option value=\"DPU\"  >DPU<\/option><option value=\"DAP\"  >DAP<\/option><option value=\"DDP\"  >DDP<\/option><option value=\"Kh\u00e1c (Vui l\u00f2ng ghi r\u00f5 trong ph\u1ea7n ghi ch\u00fa b\u00ean d\u01b0\u1edbi)\"  >Other (Please specify in the notes section below)<\/option><\/select><\/div><\/div><div class='ff-el-group ff-el-form-right'><div class=\"ff-el-input--label ff-el-is-required asterisk-right\"><label for='ff_4_dia_diem_nhan' aria-label=\"Pick up location (*)\">Pick up location (*)<\/label> <\/div><div class='ff-el-input--content'><input type=\"text\" name=\"dia_diem_nhan\" class=\"ff-el-form-control\" placeholder=\"Pick up location (*)\" data-name=\"dia_diem_nhan\" id=\"ff_4_dia_diem_nhan\"  aria-invalid=\"false\" aria-required=\"true\"><\/div><\/div><div class='ff-el-group ff-el-form-right'><div class=\"ff-el-input--label ff-el-is-required asterisk-right\"><label for='ff_4_dia_diem_giao' aria-label=\"Delivery location (*)\">Delivery location (*)<\/label> <\/div><div class='ff-el-input--content'><input type=\"text\" name=\"dia_diem_giao\" class=\"ff-el-form-control\" placeholder=\"Delivery location (*)\" data-name=\"dia_diem_giao\" id=\"ff_4_dia_diem_giao\"  aria-invalid=\"false\" aria-required=\"true\"><\/div><\/div><div class='ff-el-group ff-el-form-right'><div class=\"ff-el-input--label ff-el-is-required asterisk-right\"><label for='ff_4_hang_hoa' aria-label=\"Goods(*)\">Goods(*)<\/label> <\/div><div class='ff-el-input--content'><input type=\"text\" name=\"hang_hoa\" class=\"ff-el-form-control\" placeholder=\"Type of goods(*)\" data-name=\"hang_hoa\" id=\"ff_4_hang_hoa\"  aria-invalid=\"false\" aria-required=\"true\"><\/div><\/div><div class='ff-el-group ff-el-form-right'><div class=\"ff-el-input--label ff-el-is-required asterisk-right\"><label for='ff_4_so_luong' aria-label=\"Quantity(*)\">Quantity(*)<\/label> <\/div><div class='ff-el-input--content'><input type=\"text\" name=\"so_luong\" class=\"ff-el-form-control\" placeholder=\"quantity x container type (20ft, 40ft, 45ft) \/ Example: 2x20ft, 1x40ft\" data-name=\"so_luong\" id=\"ff_4_so_luong\"  aria-invalid=\"false\" aria-required=\"true\"><\/div><\/div><div class='ff-el-group ff-el-form-right'><div class=\"ff-el-input--label ff-el-is-required asterisk-right\"><label for='ff_4_datetime' aria-label=\"Shipping date\">Shipping date<\/label> <\/div><div class='ff-el-input--content'><input data-type-datepicker data-format='d\/m\/Y' type=\"text\" name=\"datetime\" id=\"ff_4_datetime\" class=\"ff-el-form-control ff-el-datepicker\" placeholder=\"Shipping date\" data-name=\"datetime\"  aria-invalid='false' aria-required=\"true\"><\/div><\/div><div class='ff-el-group ff-el-form-right'><div class=\"ff-el-input--label asterisk-right\"><label for='ff_4_ghi_chu_dac_biet' aria-label=\"Special notes (if any)\">Special notes (if any)<\/label> <\/div><div class='ff-el-input--content'><textarea aria-invalid=\"false\" aria-required=\"false\" name=\"ghi_chu_dac_biet\" id=\"ff_4_ghi_chu_dac_biet\" class=\"ff-el-form-control\" placeholder=\"Special notes (if any)\" rows=\"3\" cols=\"2\" data-name=\"ghi_chu_dac_biet\" ><\/textarea><\/div><\/div><div class='ff-el-group' ><div class='ff-el-input--content'><div data-fluent_id='4' name='g-recaptcha-response'><div\n\t\tdata-sitekey='6LdTDswrAAAAABguDWzXMGStUmReGCGhquDK9bOn'\n\t\tid='fluentform-recaptcha-4'\n\t\tclass='ff-el-recaptcha g-recaptcha'\n\t\tdata-callback='fluentFormrecaptchaSuccessCallback'><\/div><\/div><\/div><\/div><div class='ff-el-group ff-text-right ff_submit_btn_wrapper'><button type=\"submit\" class=\"ff-btn ff-btn-submit ff-btn-md ff_btn_style\" >SEND NOW<\/button><\/div><\/fieldset><input type=\"hidden\" name=\"trp-form-language\" value=\"en\"\/><\/form><div id='fluentform_4_errors' class='ff-errors-in-stack ff_form_instance_4_1 ff-form-loading_errors ff_form_instance_4_1_errors'><\/div><\/div>        <script type=\"text\/javascript\">\n            window.fluent_form_ff_form_instance_4_1 = {\"id\":\"4\",\"settings\":{\"layout\":{\"labelPlacement\":\"top\",\"helpMessagePlacement\":\"with_label\",\"errorMessagePlacement\":\"inline\",\"cssClassName\":\"\",\"asteriskPlacement\":\"asterisk-right\"},\"restrictions\":{\"denyEmptySubmission\":{\"enabled\":false}}},\"form_instance\":\"ff_form_instance_4_1\",\"form_id_selector\":\"fluentform_4\",\"rules\":{\"tencongty\":{\"required\":{\"value\":false,\"message\":\"Tr\\u01b0\\u1eddng n\\u00e0y l\\u00e0 b\\u1eaft bu\\u1ed9c\"}},\"van_phong_telfax\":{\"required\":{\"value\":false,\"message\":\"Tr\\u01b0\\u1eddng n\\u00e0y l\\u00e0 b\\u1eaft bu\\u1ed9c\"}},\"nguoi_lien_he\":{\"required\":{\"value\":true,\"message\":\"Tr\\u01b0\\u1eddng n\\u00e0y l\\u00e0 b\\u1eaft bu\\u1ed9c\"}},\"tieu_de\":{\"required\":{\"value\":false,\"message\":\"Tr\\u01b0\\u1eddng n\\u00e0y l\\u00e0 b\\u1eaft bu\\u1ed9c\"}},\"dien_thoai_di_dong\":{\"required\":{\"value\":true,\"message\":\"Tr\\u01b0\\u1eddng n\\u00e0y l\\u00e0 b\\u1eaft bu\\u1ed9c\"}},\"e_mail\":{\"required\":{\"value\":true,\"message\":\"Tr\\u01b0\\u1eddng n\\u00e0y l\\u00e0 b\\u1eaft bu\\u1ed9c\"}},\"phuong_thuc_van_chuyen\":{\"required\":{\"value\":false,\"message\":\"Tr\\u01b0\\u1eddng n\\u00e0y l\\u00e0 b\\u1eaft bu\\u1ed9c\"}},\"dieu_khoan_giao_hang\":{\"required\":{\"value\":false,\"message\":\"Tr\\u01b0\\u1eddng n\\u00e0y l\\u00e0 b\\u1eaft bu\\u1ed9c\"}},\"dia_diem_nhan\":{\"required\":{\"value\":true,\"message\":\"Tr\\u01b0\\u1eddng n\\u00e0y l\\u00e0 b\\u1eaft bu\\u1ed9c\"}},\"dia_diem_giao\":{\"required\":{\"value\":true,\"message\":\"Tr\\u01b0\\u1eddng n\\u00e0y l\\u00e0 b\\u1eaft bu\\u1ed9c\"}},\"hang_hoa\":{\"required\":{\"value\":true,\"message\":\"Tr\\u01b0\\u1eddng n\\u00e0y l\\u00e0 b\\u1eaft bu\\u1ed9c\"}},\"so_luong\":{\"required\":{\"value\":true,\"message\":\"Tr\\u01b0\\u1eddng n\\u00e0y l\\u00e0 b\\u1eaft bu\\u1ed9c\"}},\"datetime\":{\"required\":{\"value\":true,\"message\":\"Tr\\u01b0\\u1eddng n\\u00e0y l\\u00e0 b\\u1eaft bu\\u1ed9c\"}},\"ghi_chu_dac_biet\":{\"required\":{\"value\":false,\"message\":\"Tr\\u01b0\\u1eddng n\\u00e0y l\\u00e0 b\\u1eaft bu\\u1ed9c\"}},\"g-recaptcha-response\":[]}};\n                    <\/script>\n        <\/p>\n<\/div>\n<\/div>\n<\/div>\n<\/div>\n<\/div>\n<\/div>\n<\/div>\n\n<\/p><\/p>","protected":false},"excerpt":{"rendered":"","protected":false},"author":1,"featured_media":0,"parent":0,"menu_order":0,"comment_status":"closed","ping_status":"closed","template":"","meta":{"footnotes":""},"class_list":["post-7786","page","type-page","status-publish","hentry"],"acf":[],"yoast_head":"<!-- This site is optimized with the Yoast SEO Premium plugin v20.9 (Yoast SEO v20.9) - https:\/\/yoast.com\/wordpress\/plugins\/seo\/ -->\n<title>B\u00e1o gi\u00e1 - C\u00d4NG TY C\u1ed4 PH\u1ea6N NH\u1eacT VI\u1ec6T VIETSUN CORPORATION<\/title>\n<meta name=\"robots\" content=\"index, follow, max-snippet:-1, max-image-preview:large, max-video-preview:-1\" \/>\n<link rel=\"canonical\" href=\"https:\/\/vietsunlogistic.com\/en\/bao-gia\/\" \/>\n<meta property=\"og:locale\" content=\"en_US\" \/>\n<meta property=\"og:type\" content=\"article\" \/>\n<meta property=\"og:title\" content=\"B\u00e1o gi\u00e1\" \/>\n<meta property=\"og:url\" content=\"https:\/\/vietsunlogistic.com\/en\/bao-gia\/\" \/>\n<meta property=\"og:site_name\" content=\"C\u00d4NG TY C\u1ed4 PH\u1ea6N NH\u1eacT VI\u1ec6T VIETSUN CORPORATION\" \/>\n<meta property=\"article:modified_time\" content=\"2025-04-24T08:06:20+00:00\" \/>\n<meta name=\"twitter:card\" content=\"summary_large_image\" \/>\n<meta name=\"twitter:label1\" content=\"Est. reading time\" \/>\n\t<meta name=\"twitter:data1\" content=\"1 minute\" \/>\n<script type=\"application\/ld+json\" class=\"yoast-schema-graph\">{\"@context\":\"https:\/\/schema.org\",\"@graph\":[{\"@type\":\"WebPage\",\"@id\":\"https:\/\/vietsunlogistic.com\/bao-gia\/\",\"url\":\"https:\/\/vietsunlogistic.com\/bao-gia\/\",\"name\":\"B\u00e1o gi\u00e1 - C\u00d4NG TY C\u1ed4 PH\u1ea6N NH\u1eacT VI\u1ec6T VIETSUN CORPORATION\",\"isPartOf\":{\"@id\":\"https:\/\/vietsunlogistic.com\/#website\"},\"datePublished\":\"2025-03-28T10:43:31+00:00\",\"dateModified\":\"2025-04-24T08:06:20+00:00\",\"breadcrumb\":{\"@id\":\"https:\/\/vietsunlogistic.com\/bao-gia\/#breadcrumb\"},\"inLanguage\":\"en-US\",\"potentialAction\":[{\"@type\":\"ReadAction\",\"target\":[\"https:\/\/vietsunlogistic.com\/bao-gia\/\"]}]},{\"@type\":\"BreadcrumbList\",\"@id\":\"https:\/\/vietsunlogistic.com\/bao-gia\/#breadcrumb\",\"itemListElement\":[{\"@type\":\"ListItem\",\"position\":1,\"name\":\"Trang ch\u1ee7\",\"item\":\"https:\/\/vietsunlogistic.com\/\"},{\"@type\":\"ListItem\",\"position\":2,\"name\":\"B\u00e1o gi\u00e1\"}]},{\"@type\":\"WebSite\",\"@id\":\"https:\/\/vietsunlogistic.com\/#website\",\"url\":\"https:\/\/vietsunlogistic.com\/\",\"name\":\"C\u00d4NG TY C\u1ed4 PH\u1ea6N NH\u1eacT VI\u1ec6T VIETSUN CORPORATION\",\"description\":\"\",\"potentialAction\":[{\"@type\":\"SearchAction\",\"target\":{\"@type\":\"EntryPoint\",\"urlTemplate\":\"https:\/\/vietsunlogistic.com\/?s={search_term_string}\"},\"query-input\":\"required name=search_term_string\"}],\"inLanguage\":\"en-US\"}]}<\/script>\n<!-- \/ Yoast SEO Premium plugin. -->","yoast_head_json":{"title":"B\u00e1o gi\u00e1 - C\u00d4NG TY C\u1ed4 PH\u1ea6N NH\u1eacT VI\u1ec6T VIETSUN CORPORATION","robots":{"index":"index","follow":"follow","max-snippet":"max-snippet:-1","max-image-preview":"max-image-preview:large","max-video-preview":"max-video-preview:-1"},"canonical":"https:\/\/vietsunlogistic.com\/en\/bao-gia\/","og_locale":"en_US","og_type":"article","og_title":"B\u00e1o gi\u00e1","og_url":"https:\/\/vietsunlogistic.com\/en\/bao-gia\/","og_site_name":"C\u00d4NG TY C\u1ed4 PH\u1ea6N NH\u1eacT VI\u1ec6T VIETSUN CORPORATION","article_modified_time":"2025-04-24T08:06:20+00:00","twitter_card":"summary_large_image","twitter_misc":{"Est. reading time":"1 minute"},"schema":{"@context":"https:\/\/schema.org","@graph":[{"@type":"WebPage","@id":"https:\/\/vietsunlogistic.com\/bao-gia\/","url":"https:\/\/vietsunlogistic.com\/bao-gia\/","name":"B\u00e1o gi\u00e1 - C\u00d4NG TY C\u1ed4 PH\u1ea6N NH\u1eacT VI\u1ec6T VIETSUN CORPORATION","isPartOf":{"@id":"https:\/\/vietsunlogistic.com\/#website"},"datePublished":"2025-03-28T10:43:31+00:00","dateModified":"2025-04-24T08:06:20+00:00","breadcrumb":{"@id":"https:\/\/vietsunlogistic.com\/bao-gia\/#breadcrumb"},"inLanguage":"en-US","potentialAction":[{"@type":"ReadAction","target":["https:\/\/vietsunlogistic.com\/bao-gia\/"]}]},{"@type":"BreadcrumbList","@id":"https:\/\/vietsunlogistic.com\/bao-gia\/#breadcrumb","itemListElement":[{"@type":"ListItem","position":1,"name":"Trang ch\u1ee7","item":"https:\/\/vietsunlogistic.com\/"},{"@type":"ListItem","position":2,"name":"B\u00e1o gi\u00e1"}]},{"@type":"WebSite","@id":"https:\/\/vietsunlogistic.com\/#website","url":"https:\/\/vietsunlogistic.com\/","name":"C\u00d4NG TY C\u1ed4 PH\u1ea6N NH\u1eacT VI\u1ec6T VIETSUN CORPORATION","description":"","potentialAction":[{"@type":"SearchAction","target":{"@type":"EntryPoint","urlTemplate":"https:\/\/vietsunlogistic.com\/?s={search_term_string}"},"query-input":"required name=search_term_string"}],"inLanguage":"en-US"}]}},"_links":{"self":[{"href":"https:\/\/vietsunlogistic.com\/en\/wp-json\/wp\/v2\/pages\/7786","targetHints":{"allow":["GET"]}}],"collection":[{"href":"https:\/\/vietsunlogistic.com\/en\/wp-json\/wp\/v2\/pages"}],"about":[{"href":"https:\/\/vietsunlogistic.com\/en\/wp-json\/wp\/v2\/types\/page"}],"author":[{"embeddable":true,"href":"https:\/\/vietsunlogistic.com\/en\/wp-json\/wp\/v2\/users\/1"}],"replies":[{"embeddable":true,"href":"https:\/\/vietsunlogistic.com\/en\/wp-json\/wp\/v2\/comments?post=7786"}],"version-history":[{"count":6,"href":"https:\/\/vietsunlogistic.com\/en\/wp-json\/wp\/v2\/pages\/7786\/revisions"}],"predecessor-version":[{"id":8266,"href":"https:\/\/vietsunlogistic.com\/en\/wp-json\/wp\/v2\/pages\/7786\/revisions\/8266"}],"wp:attachment":[{"href":"https:\/\/vietsunlogistic.com\/en\/wp-json\/wp\/v2\/media?parent=7786"}],"curies":[{"name":"wp","href":"https:\/\/api.w.org\/{rel}","templated":true}]}}