{"id":7633,"date":"2025-03-28T08:57:19","date_gmt":"2025-03-28T01:57:19","guid":{"rendered":"https:\/\/vietsun.123websitedev.com\/?page_id=7633"},"modified":"2025-09-26T16:03:28","modified_gmt":"2025-09-26T09:03:28","slug":"tin-tuc","status":"publish","type":"page","link":"https:\/\/vietsunlogistic.com\/en\/tin-tuc\/","title":{"rendered":"News"},"content":{"rendered":"<style type=\"text\/css\"> \n#cmsmasters_row_69e35df5d93e25_54755542 .cmsmasters_row_outer_parent { \n\tpadding-top: 0px; \n} \n\n#cmsmasters_row_69e35df5d93e25_54755542 .cmsmasters_row_outer_parent { \n\tpadding-bottom: 50px; \n} \n\n<\/style><p><div id=\"cmsmasters_row_69e35df5d93e25_54755542\" class=\"cmsmasters_row cmsmasters_color_scheme_default cmsmasters_row_top_default cmsmasters_row_bot_default cmsmasters_row_boxed\">\n<div class=\"cmsmasters_row_outer_parent\">\n<div class=\"cmsmasters_row_outer\">\n<div class=\"cmsmasters_row_inner\">\n<div class=\"cmsmasters_row_margin\">\n<div class=\"cmsmasters_column one_first\">\n<div class=\"cmsmasters_wrap_blog entry-summary\" id=\"blog_69e35df5d9d64\"><div class=\"blog standard\">\r\n<!--_________________________ Start Standard Article _________________________ -->\r\n\r\n<article id=\"post-10622\" class=\"cmsmasters_default_type post-10622 post type-post status-publish format-standard has-post-thumbnail hentry category-tin-tuc-viet-sun\">\r\n\t\t<div class=\"cmsmasters_post_cont\">\r\n\t<figure class=\"cmsmasters_img_wrap\"><a href=\"https:\/\/vietsunlogistic.com\/en\/hang-tau-nhat-viet-cong-bo-bieu-gia-niem-yet-nam-2026-042026\/\" title=\"H\u00e3ng t\u00e0u Nh\u1eadt Vi\u1ec7t c\u00f4ng b\u1ed1 bi\u1ec3u gi\u00e1 ni\u00eam y\u1ebft n\u0103m 2026 (\u00e1p d\u1ee5ng t\u1eeb ng\u00e0y 9\/4\/2026)\" class=\"cmsmasters_img_link\"><img loading=\"lazy\" decoding=\"async\" width=\"1398\" height=\"1047\" src=\"https:\/\/vietsunlogistic.com\/wp-content\/uploads\/2024\/12\/16_01.jpg\" class=\"wp-post-image\" alt=\"H\u00e3ng t\u00e0u Nh\u1eadt Vi\u1ec7t c\u00f4ng b\u1ed1 bi\u1ec3u gi\u00e1 ni\u00eam y\u1ebft n\u0103m 2026 (\u00e1p d\u1ee5ng t\u1eeb ng\u00e0y 9\/4\/2026)\" title=\"H\u00e3ng t\u00e0u Nh\u1eadt Vi\u1ec7t c\u00f4ng b\u1ed1 bi\u1ec3u gi\u00e1 ni\u00eam y\u1ebft n\u0103m 2026 (\u00e1p d\u1ee5ng t\u1eeb ng\u00e0y 9\/4\/2026)\" srcset=\"https:\/\/vietsunlogistic.com\/wp-content\/uploads\/2024\/12\/16_01.jpg 1398w, https:\/\/vietsunlogistic.com\/wp-content\/uploads\/2024\/12\/16_01-300x225.jpg 300w, https:\/\/vietsunlogistic.com\/wp-content\/uploads\/2024\/12\/16_01-1024x767.jpg 1024w, https:\/\/vietsunlogistic.com\/wp-content\/uploads\/2024\/12\/16_01-768x575.jpg 768w, https:\/\/vietsunlogistic.com\/wp-content\/uploads\/2024\/12\/16_01-16x12.jpg 16w, https:\/\/vietsunlogistic.com\/wp-content\/uploads\/2024\/12\/16_01-580x434.jpg 580w, https:\/\/vietsunlogistic.com\/wp-content\/uploads\/2024\/12\/16_01-860x644.jpg 860w, https:\/\/vietsunlogistic.com\/wp-content\/uploads\/2024\/12\/16_01-1160x869.jpg 1160w\" sizes=\"auto, (max-width: 1398px) 100vw, 1398px\" \/><\/a><\/figure><header class=\"cmsmasters_post_header entry-header\"><h2 class=\"cmsmasters_post_title entry-title\"><a href=\"https:\/\/vietsunlogistic.com\/en\/hang-tau-nhat-viet-cong-bo-bieu-gia-niem-yet-nam-2026-042026\/\">H\u00e3ng t\u00e0u Nh\u1eadt Vi\u1ec7t c\u00f4ng b\u1ed1 bi\u1ec3u gi\u00e1 ni\u00eam y\u1ebft n\u0103m 2026 (\u00e1p d\u1ee5ng t\u1eeb ng\u00e0y 9\/4\/2026)<\/a><\/h2><\/header><div class=\"cmsmasters_post_content entry-content\">\n<p>Th\u1ef1c hi\u1ec7n Ngh\u1ecb \u0111\u1ecbnh s\u1ed1 146\/2016\/N\u0110-CP ng\u00e0y 02\/11\/2016 c\u1ee7a Ch\u00ednh ph\u1ee7 h\u01b0\u1edbng d\u1eabn Quy \u0111\u1ecbnh vi\u1ec7c ni\u00eam y\u1ebft gi\u00e1, ph\u1ee5 thu ngo\u00e0i gi\u00e1 d\u1ecbch v\u1ee5 v\u1eadn chuy\u1ec3n h\u00e0ng h\u00f3a container b\u1eb1ng \u0111\u01b0\u1eddng bi\u1ec3n, gi\u00e1 d\u1ecbch v\u1ee5 t\u1ea1i c\u1ea3ng bi\u1ec3n Vi\u1ec7t Nam, C\u00f4ng ty C\u1ed5 ph\u1ea7n Nh\u1eadt Vi\u1ec7t c\u00f4ng b\u1ed1 ni\u00eam y\u1ebft gi\u00e1 d\u1ecbch v\u1ee5 chi ti\u1ebft t\u1ea1i file \u0111\u00ednh k\u00e8m, \u00e1p d\u1ee5ng t\u1eeb ng\u00e0y 9\/4\/2026.<\/p>\n<\/div>\n<footer class=\"cmsmasters_post_footer entry-meta\"><a class=\"cmsmasters_post_read_more\" href=\"https:\/\/vietsunlogistic.com\/en\/hang-tau-nhat-viet-cong-bo-bieu-gia-niem-yet-nam-2026-042026\/\">See more<\/a><\/footer><div class=\"cmsmasters_post_cont_info entry-meta\"><div class=\"cmsmasters_post_meta_info\"><a href=\"#\" onclick=\"cmsmastersLike(10622); return false;\" id=\"cmsmastersLike-10622\" class=\"cmsmastersLike cmsmasters_theme_icon_like\"><span>0<\/span><\/a><\/div><span class=\"cmsmasters_post_user_name\">by <a href=\"https:\/\/vietsunlogistic.com\/en\/author\/admin\/\" title=\"Posts by admin\" class=\"vcard author\"><span class=\"fn\">admin<\/span><\/a><\/span><span class=\"cmsmasters_post_category\">print <a href=\"https:\/\/vietsunlogistic.com\/en\/tin-tuc-viet-sun\/\" class=\"cmsmasters_cat_color cmsmasters_cat_39\" rel=\"category tag\">VIETSUN NEWS<\/a><\/span><\/div>\t<\/div>\r\n<\/article>\r\n<!--_________________________ Finish Standard Article _________________________ -->\r\n\r\n\r\n<!--_________________________ Start Standard Article _________________________ -->\r\n\r\n<article id=\"post-10582\" class=\"cmsmasters_default_type post-10582 post type-post status-publish format-standard has-post-thumbnail hentry category-logistics-xanh category-thi-truong-logistics\">\r\n\t\t<div class=\"cmsmasters_post_cont\">\r\n\t<figure class=\"cmsmasters_img_wrap\"><a href=\"https:\/\/vietsunlogistic.com\/en\/viet-nam-tang-toc-hien-thuc-hoa-chien-luoc-phat-trien-logistics-xanh-so\/\" title=\"Vi\u1ec7t Nam t\u0103ng t\u1ed1c hi\u1ec7n th\u1ef1c h\u00f3a chi\u1ebfn l\u01b0\u1ee3c ph\u00e1t tri\u1ec3n logistics xanh \u2013 s\u1ed1\" class=\"cmsmasters_img_link\"><img loading=\"lazy\" decoding=\"async\" width=\"1080\" height=\"644\" src=\"https:\/\/vietsunlogistic.com\/wp-content\/uploads\/2026\/03\/1b-7.jpg\" class=\"wp-post-image\" alt=\"Vi\u1ec7t Nam t\u0103ng t\u1ed1c hi\u1ec7n th\u1ef1c h\u00f3a chi\u1ebfn l\u01b0\u1ee3c ph\u00e1t tri\u1ec3n logistics xanh \u2013 s\u1ed1\" title=\"Vi\u1ec7t Nam t\u0103ng t\u1ed1c hi\u1ec7n th\u1ef1c h\u00f3a chi\u1ebfn l\u01b0\u1ee3c ph\u00e1t tri\u1ec3n logistics xanh \u2013 s\u1ed1\" srcset=\"https:\/\/vietsunlogistic.com\/wp-content\/uploads\/2026\/03\/1b-7.jpg 1080w, https:\/\/vietsunlogistic.com\/wp-content\/uploads\/2026\/03\/1b-7-300x179.jpg 300w, https:\/\/vietsunlogistic.com\/wp-content\/uploads\/2026\/03\/1b-7-1024x611.jpg 1024w, https:\/\/vietsunlogistic.com\/wp-content\/uploads\/2026\/03\/1b-7-768x458.jpg 768w, https:\/\/vietsunlogistic.com\/wp-content\/uploads\/2026\/03\/1b-7-18x12.jpg 18w, https:\/\/vietsunlogistic.com\/wp-content\/uploads\/2026\/03\/1b-7-580x346.jpg 580w, https:\/\/vietsunlogistic.com\/wp-content\/uploads\/2026\/03\/1b-7-860x513.jpg 860w\" sizes=\"auto, (max-width: 1080px) 100vw, 1080px\" \/><\/a><\/figure><header class=\"cmsmasters_post_header entry-header\"><h2 class=\"cmsmasters_post_title entry-title\"><a href=\"https:\/\/vietsunlogistic.com\/en\/viet-nam-tang-toc-hien-thuc-hoa-chien-luoc-phat-trien-logistics-xanh-so\/\">Vi\u1ec7t Nam t\u0103ng t\u1ed1c hi\u1ec7n th\u1ef1c h\u00f3a chi\u1ebfn l\u01b0\u1ee3c ph\u00e1t tri\u1ec3n logistics xanh \u2013 s\u1ed1<\/a><\/h2><\/header><div class=\"cmsmasters_post_content entry-content\">\n<p>Th\u1ee7 t\u01b0\u1edbng Ch\u00ednh ph\u1ee7 \u0111\u00e3 ph\u00ea duy\u1ec7t Chi\u1ebfn l\u01b0\u1ee3c ph\u00e1t tri\u1ec3n d\u1ecbch v\u1ee5 logistics Vi\u1ec7t Nam \u0111\u1ebfn n\u0103m 2030, t\u1ea7m nh\u00ecn \u0111\u1ebfn n\u0103m 2050, \u0111\u1eb7t m\u1ee5c ti\u00eau \u0111\u01b0a Vi\u1ec7t Nam tr\u1edf th\u00e0nh trung t\u00e2m logistics c\u1ee7a ASEAN v\u00e0 th\u1ebf gi\u1edbi, \u0111\u00f3ng vai tr\u00f2 quan tr\u1ecdng trong chu\u1ed7i cung \u1ee9ng khu v\u1ef1c.<\/p>\n<\/div>\n<footer class=\"cmsmasters_post_footer entry-meta\"><a class=\"cmsmasters_post_read_more\" href=\"https:\/\/vietsunlogistic.com\/en\/viet-nam-tang-toc-hien-thuc-hoa-chien-luoc-phat-trien-logistics-xanh-so\/\">See more<\/a><\/footer><div class=\"cmsmasters_post_cont_info entry-meta\"><div class=\"cmsmasters_post_meta_info\"><a href=\"#\" onclick=\"cmsmastersLike(10582); return false;\" id=\"cmsmastersLike-10582\" class=\"cmsmastersLike cmsmasters_theme_icon_like\"><span>0<\/span><\/a><\/div><span class=\"cmsmasters_post_user_name\">by <a href=\"https:\/\/vietsunlogistic.com\/en\/author\/admin\/\" title=\"Posts by admin\" class=\"vcard author\"><span class=\"fn\">admin<\/span><\/a><\/span><span class=\"cmsmasters_post_category\">print <a href=\"https:\/\/vietsunlogistic.com\/en\/logistics-xanh\/\" class=\"cmsmasters_cat_color cmsmasters_cat_36\" rel=\"category tag\">GREEN LOGISTICS - DIGITAL TRANSFORMATION<\/a>, <a href=\"https:\/\/vietsunlogistic.com\/en\/thi-truong-logistics\/\" class=\"cmsmasters_cat_color cmsmasters_cat_32\" rel=\"category tag\">LOGISTICS MARKET<\/a><\/span><\/div>\t<\/div>\r\n<\/article>\r\n<!--_________________________ Finish Standard Article _________________________ -->\r\n\r\n\r\n<!--_________________________ Start Standard Article _________________________ -->\r\n\r\n<article id=\"post-10377\" class=\"cmsmasters_default_type post-10377 post type-post status-publish format-standard has-post-thumbnail hentry category-tin-tuc-viet-sun\">\r\n\t\t<div class=\"cmsmasters_post_cont\">\r\n\t<figure class=\"cmsmasters_img_wrap\"><a href=\"https:\/\/vietsunlogistic.com\/en\/chuc-mung-nam-moi-2026-va-thu-cam-on-tu-vietsun-corporation\/\" title=\"Happy New Year 2026 and a Thank You Letter from Vietsun Corporation\" class=\"cmsmasters_img_link\"><img loading=\"lazy\" decoding=\"async\" width=\"1311\" height=\"930\" src=\"https:\/\/vietsunlogistic.com\/wp-content\/uploads\/2025\/12\/Blue-and-White-Modern-Happy-New-Year-2026-Card-3.jpg\" class=\"wp-post-image\" alt=\"Ch\u00fac m\u1eebng n\u0103m m\u1edbi 2026 v\u00e0 Th\u01b0 c\u1ea3m \u01a1n t\u1eeb Vietsun Corporation\" title=\"Happy New Year 2026 and a Thank You Letter from Vietsun Corporation\" srcset=\"https:\/\/vietsunlogistic.com\/wp-content\/uploads\/2025\/12\/Blue-and-White-Modern-Happy-New-Year-2026-Card-3.jpg 1311w, https:\/\/vietsunlogistic.com\/wp-content\/uploads\/2025\/12\/Blue-and-White-Modern-Happy-New-Year-2026-Card-3-300x213.jpg 300w, https:\/\/vietsunlogistic.com\/wp-content\/uploads\/2025\/12\/Blue-and-White-Modern-Happy-New-Year-2026-Card-3-1024x726.jpg 1024w, https:\/\/vietsunlogistic.com\/wp-content\/uploads\/2025\/12\/Blue-and-White-Modern-Happy-New-Year-2026-Card-3-768x545.jpg 768w, https:\/\/vietsunlogistic.com\/wp-content\/uploads\/2025\/12\/Blue-and-White-Modern-Happy-New-Year-2026-Card-3-18x12.jpg 18w, https:\/\/vietsunlogistic.com\/wp-content\/uploads\/2025\/12\/Blue-and-White-Modern-Happy-New-Year-2026-Card-3-580x411.jpg 580w, https:\/\/vietsunlogistic.com\/wp-content\/uploads\/2025\/12\/Blue-and-White-Modern-Happy-New-Year-2026-Card-3-860x610.jpg 860w, https:\/\/vietsunlogistic.com\/wp-content\/uploads\/2025\/12\/Blue-and-White-Modern-Happy-New-Year-2026-Card-3-1160x823.jpg 1160w\" sizes=\"auto, (max-width: 1311px) 100vw, 1311px\" \/><\/a><\/figure><header class=\"cmsmasters_post_header entry-header\"><h2 class=\"cmsmasters_post_title entry-title\"><a href=\"https:\/\/vietsunlogistic.com\/en\/chuc-mung-nam-moi-2026-va-thu-cam-on-tu-vietsun-corporation\/\">Happy New Year 2026 and a Thank You Letter from Vietsun Corporation<\/a><\/h2><\/header><div class=\"cmsmasters_post_content entry-content\">\n<p>Vietsun Corporation sincerely thanks our valued partners and customers for their continued trust, support, and cooperation over the years. Your valuable support is the driving force behind Vietsun Corporation&#039;s continuous efforts to improve service quality and affirm our reputation in the logistics industry.<\/p>\n<\/div>\n<footer class=\"cmsmasters_post_footer entry-meta\"><a class=\"cmsmasters_post_read_more\" href=\"https:\/\/vietsunlogistic.com\/en\/chuc-mung-nam-moi-2026-va-thu-cam-on-tu-vietsun-corporation\/\">See more<\/a><\/footer><div class=\"cmsmasters_post_cont_info entry-meta\"><div class=\"cmsmasters_post_meta_info\"><a href=\"#\" onclick=\"cmsmastersLike(10377); return false;\" id=\"cmsmastersLike-10377\" class=\"cmsmastersLike cmsmasters_theme_icon_like\"><span>0<\/span><\/a><\/div><span class=\"cmsmasters_post_user_name\">by <a href=\"https:\/\/vietsunlogistic.com\/en\/author\/admin\/\" title=\"Posts by admin\" class=\"vcard author\"><span class=\"fn\">admin<\/span><\/a><\/span><span class=\"cmsmasters_post_category\">print <a href=\"https:\/\/vietsunlogistic.com\/en\/tin-tuc-viet-sun\/\" class=\"cmsmasters_cat_color cmsmasters_cat_39\" rel=\"category tag\">VIETSUN NEWS<\/a><\/span><\/div>\t<\/div>\r\n<\/article>\r\n<!--_________________________ Finish Standard Article _________________________ -->\r\n\r\n\r\n<!--_________________________ Start Standard Article _________________________ -->\r\n\r\n<article id=\"post-9700\" class=\"cmsmasters_default_type post-9700 post type-post status-publish format-standard has-post-thumbnail hentry category-tin-tuc-viet-sun\">\r\n\t\t<div class=\"cmsmasters_post_cont\">\r\n\t<figure class=\"cmsmasters_img_wrap\"><a href=\"https:\/\/vietsunlogistic.com\/en\/huong-dan-tra-cuu-don-hang-truc-tuyen-cung-vietsun\/\" title=\"Instructions for Online Order Lookup with Vietsun\" class=\"cmsmasters_img_link\"><img loading=\"lazy\" decoding=\"async\" width=\"1645\" height=\"1379\" src=\"https:\/\/vietsunlogistic.com\/wp-content\/uploads\/2025\/10\/3-buoc-Tra-cuu-don-hang-1.jpg\" class=\"wp-post-image\" alt=\"H\u01b0\u1edbng d\u1eabn Tra c\u1ee9u \u0111\u01a1n h\u00e0ng tr\u1ef1c tuy\u1ebfn c\u00f9ng Vietsun\" title=\"Instructions for Online Order Lookup with Vietsun\" srcset=\"https:\/\/vietsunlogistic.com\/wp-content\/uploads\/2025\/10\/3-buoc-Tra-cuu-don-hang-1.jpg 940w, https:\/\/vietsunlogistic.com\/wp-content\/uploads\/2025\/10\/3-buoc-Tra-cuu-don-hang-1-300x251.jpg 300w, https:\/\/vietsunlogistic.com\/wp-content\/uploads\/2025\/10\/3-buoc-Tra-cuu-don-hang-1-768x644.jpg 768w, https:\/\/vietsunlogistic.com\/wp-content\/uploads\/2025\/10\/3-buoc-Tra-cuu-don-hang-1-14x12.jpg 14w, https:\/\/vietsunlogistic.com\/wp-content\/uploads\/2025\/10\/3-buoc-Tra-cuu-don-hang-1-580x486.jpg 580w, https:\/\/vietsunlogistic.com\/wp-content\/uploads\/2025\/10\/3-buoc-Tra-cuu-don-hang-1-860x721.jpg 860w\" sizes=\"auto, (max-width: 1645px) 100vw, 1645px\" \/><\/a><\/figure><header class=\"cmsmasters_post_header entry-header\"><h2 class=\"cmsmasters_post_title entry-title\"><a href=\"https:\/\/vietsunlogistic.com\/en\/huong-dan-tra-cuu-don-hang-truc-tuyen-cung-vietsun\/\">Instructions for Online Order Lookup with Vietsun<\/a><\/h2><\/header><div class=\"cmsmasters_post_content entry-content\">\n<p>In the digital age, fast and accurate order tracking is an essential need of customers in the field of transportation and logistics. Understanding that, Vietsun has deployed an online container tracking system on the official website https:\/\/vietsunlogistic.com, helping customers easily manage and track the route of goods anytime, anywhere.<\/p>\n<\/div>\n<footer class=\"cmsmasters_post_footer entry-meta\"><a class=\"cmsmasters_post_read_more\" href=\"https:\/\/vietsunlogistic.com\/en\/huong-dan-tra-cuu-don-hang-truc-tuyen-cung-vietsun\/\">See more<\/a><\/footer><div class=\"cmsmasters_post_cont_info entry-meta\"><div class=\"cmsmasters_post_meta_info\"><a href=\"#\" onclick=\"cmsmastersLike(9700); return false;\" id=\"cmsmastersLike-9700\" class=\"cmsmastersLike cmsmasters_theme_icon_like\"><span>0<\/span><\/a><\/div><span class=\"cmsmasters_post_user_name\">by <a href=\"https:\/\/vietsunlogistic.com\/en\/author\/admin\/\" title=\"Posts by admin\" class=\"vcard author\"><span class=\"fn\">admin<\/span><\/a><\/span><span class=\"cmsmasters_post_category\">print <a href=\"https:\/\/vietsunlogistic.com\/en\/tin-tuc-viet-sun\/\" class=\"cmsmasters_cat_color cmsmasters_cat_39\" rel=\"category tag\">VIETSUN NEWS<\/a><\/span><\/div>\t<\/div>\r\n<\/article>\r\n<!--_________________________ Finish Standard Article _________________________ -->\r\n\r\n<\/div><div class=\"cmsmasters_wrap_more_posts cmsmasters_wrap_more_items\"><\/div><\/div>\n<\/div>\n<\/div>\n<\/div>\n<\/div>\n<\/div>\n<\/div>\n\n<\/p>","protected":false},"excerpt":{"rendered":"","protected":false},"author":1,"featured_media":0,"parent":0,"menu_order":0,"comment_status":"closed","ping_status":"closed","template":"","meta":{"footnotes":""},"class_list":["post-7633","page","type-page","status-publish","hentry"],"acf":[],"yoast_head":"<!-- This site is optimized with the Yoast SEO Premium plugin v20.9 (Yoast SEO v20.9) - https:\/\/yoast.com\/wordpress\/plugins\/seo\/ -->\n<title>Tin t\u1ee9c - C\u00d4NG TY C\u1ed4 PH\u1ea6N NH\u1eacT VI\u1ec6T VIETSUN CORPORATION<\/title>\n<meta name=\"robots\" content=\"index, follow, max-snippet:-1, max-image-preview:large, max-video-preview:-1\" \/>\n<link rel=\"canonical\" href=\"https:\/\/vietsunlogistic.com\/en\/tin-tuc\/\" \/>\n<meta property=\"og:locale\" content=\"en_US\" \/>\n<meta property=\"og:type\" content=\"article\" \/>\n<meta property=\"og:title\" content=\"Tin t\u1ee9c\" \/>\n<meta property=\"og:url\" content=\"https:\/\/vietsunlogistic.com\/en\/tin-tuc\/\" \/>\n<meta property=\"og:site_name\" content=\"C\u00d4NG TY C\u1ed4 PH\u1ea6N NH\u1eacT VI\u1ec6T VIETSUN CORPORATION\" \/>\n<meta property=\"article:modified_time\" content=\"2025-09-26T09:03:28+00:00\" \/>\n<meta name=\"twitter:card\" content=\"summary_large_image\" \/>\n<meta name=\"twitter:label1\" content=\"Est. reading time\" \/>\n\t<meta name=\"twitter:data1\" content=\"1 minute\" \/>\n<script type=\"application\/ld+json\" class=\"yoast-schema-graph\">{\"@context\":\"https:\/\/schema.org\",\"@graph\":[{\"@type\":\"WebPage\",\"@id\":\"https:\/\/vietsunlogistic.com\/tin-tuc\/\",\"url\":\"https:\/\/vietsunlogistic.com\/tin-tuc\/\",\"name\":\"Tin t\u1ee9c - C\u00d4NG TY C\u1ed4 PH\u1ea6N NH\u1eacT VI\u1ec6T VIETSUN CORPORATION\",\"isPartOf\":{\"@id\":\"https:\/\/vietsunlogistic.com\/#website\"},\"datePublished\":\"2025-03-28T01:57:19+00:00\",\"dateModified\":\"2025-09-26T09:03:28+00:00\",\"breadcrumb\":{\"@id\":\"https:\/\/vietsunlogistic.com\/tin-tuc\/#breadcrumb\"},\"inLanguage\":\"en-US\",\"potentialAction\":[{\"@type\":\"ReadAction\",\"target\":[\"https:\/\/vietsunlogistic.com\/tin-tuc\/\"]}]},{\"@type\":\"BreadcrumbList\",\"@id\":\"https:\/\/vietsunlogistic.com\/tin-tuc\/#breadcrumb\",\"itemListElement\":[{\"@type\":\"ListItem\",\"position\":1,\"name\":\"Trang ch\u1ee7\",\"item\":\"https:\/\/vietsunlogistic.com\/\"},{\"@type\":\"ListItem\",\"position\":2,\"name\":\"Tin t\u1ee9c\"}]},{\"@type\":\"WebSite\",\"@id\":\"https:\/\/vietsunlogistic.com\/#website\",\"url\":\"https:\/\/vietsunlogistic.com\/\",\"name\":\"C\u00d4NG TY C\u1ed4 PH\u1ea6N NH\u1eacT VI\u1ec6T VIETSUN CORPORATION\",\"description\":\"\",\"potentialAction\":[{\"@type\":\"SearchAction\",\"target\":{\"@type\":\"EntryPoint\",\"urlTemplate\":\"https:\/\/vietsunlogistic.com\/?s={search_term_string}\"},\"query-input\":\"required name=search_term_string\"}],\"inLanguage\":\"en-US\"}]}<\/script>\n<!-- \/ Yoast SEO Premium plugin. -->","yoast_head_json":{"title":"Tin t\u1ee9c - C\u00d4NG TY C\u1ed4 PH\u1ea6N NH\u1eacT VI\u1ec6T VIETSUN CORPORATION","robots":{"index":"index","follow":"follow","max-snippet":"max-snippet:-1","max-image-preview":"max-image-preview:large","max-video-preview":"max-video-preview:-1"},"canonical":"https:\/\/vietsunlogistic.com\/en\/tin-tuc\/","og_locale":"en_US","og_type":"article","og_title":"Tin t\u1ee9c","og_url":"https:\/\/vietsunlogistic.com\/en\/tin-tuc\/","og_site_name":"C\u00d4NG TY C\u1ed4 PH\u1ea6N NH\u1eacT VI\u1ec6T VIETSUN CORPORATION","article_modified_time":"2025-09-26T09:03:28+00:00","twitter_card":"summary_large_image","twitter_misc":{"Est. reading time":"1 minute"},"schema":{"@context":"https:\/\/schema.org","@graph":[{"@type":"WebPage","@id":"https:\/\/vietsunlogistic.com\/tin-tuc\/","url":"https:\/\/vietsunlogistic.com\/tin-tuc\/","name":"Tin t\u1ee9c - C\u00d4NG TY C\u1ed4 PH\u1ea6N NH\u1eacT VI\u1ec6T VIETSUN CORPORATION","isPartOf":{"@id":"https:\/\/vietsunlogistic.com\/#website"},"datePublished":"2025-03-28T01:57:19+00:00","dateModified":"2025-09-26T09:03:28+00:00","breadcrumb":{"@id":"https:\/\/vietsunlogistic.com\/tin-tuc\/#breadcrumb"},"inLanguage":"en-US","potentialAction":[{"@type":"ReadAction","target":["https:\/\/vietsunlogistic.com\/tin-tuc\/"]}]},{"@type":"BreadcrumbList","@id":"https:\/\/vietsunlogistic.com\/tin-tuc\/#breadcrumb","itemListElement":[{"@type":"ListItem","position":1,"name":"Trang ch\u1ee7","item":"https:\/\/vietsunlogistic.com\/"},{"@type":"ListItem","position":2,"name":"Tin t\u1ee9c"}]},{"@type":"WebSite","@id":"https:\/\/vietsunlogistic.com\/#website","url":"https:\/\/vietsunlogistic.com\/","name":"C\u00d4NG TY C\u1ed4 PH\u1ea6N NH\u1eacT VI\u1ec6T VIETSUN CORPORATION","description":"","potentialAction":[{"@type":"SearchAction","target":{"@type":"EntryPoint","urlTemplate":"https:\/\/vietsunlogistic.com\/?s={search_term_string}"},"query-input":"required name=search_term_string"}],"inLanguage":"en-US"}]}},"_links":{"self":[{"href":"https:\/\/vietsunlogistic.com\/en\/wp-json\/wp\/v2\/pages\/7633","targetHints":{"allow":["GET"]}}],"collection":[{"href":"https:\/\/vietsunlogistic.com\/en\/wp-json\/wp\/v2\/pages"}],"about":[{"href":"https:\/\/vietsunlogistic.com\/en\/wp-json\/wp\/v2\/types\/page"}],"author":[{"embeddable":true,"href":"https:\/\/vietsunlogistic.com\/en\/wp-json\/wp\/v2\/users\/1"}],"replies":[{"embeddable":true,"href":"https:\/\/vietsunlogistic.com\/en\/wp-json\/wp\/v2\/comments?post=7633"}],"version-history":[{"count":11,"href":"https:\/\/vietsunlogistic.com\/en\/wp-json\/wp\/v2\/pages\/7633\/revisions"}],"predecessor-version":[{"id":9748,"href":"https:\/\/vietsunlogistic.com\/en\/wp-json\/wp\/v2\/pages\/7633\/revisions\/9748"}],"wp:attachment":[{"href":"https:\/\/vietsunlogistic.com\/en\/wp-json\/wp\/v2\/media?parent=7633"}],"curies":[{"name":"wp","href":"https:\/\/api.w.org\/{rel}","templated":true}]}}